{"id":31,"date":"2026-01-01T11:46:11","date_gmt":"2026-01-01T08:46:11","guid":{"rendered":"https:\/\/astrobaltics.eu\/?page_id=31"},"modified":"2025-10-18T07:53:19","modified_gmt":"2025-10-18T04:53:19","slug":"contact","status":"publish","type":"page","link":"https:\/\/astrobaltics.eu\/en\/contact\/","title":{"rendered":"Contact"},"content":{"rendered":"<div id=\"second_menu\"><ul id=\"menu-contact_menu_eng\" class=\"menu\"><li id=\"menu-item-10255\" class=\"menu-item menu-item-type-post_type menu-item-object-page menu-item-10255\"><a href=\"https:\/\/astrobaltics.eu\/en\/contact\/\">Contact<\/a><\/li>\n<li id=\"menu-item-34367\" class=\"menu-item menu-item-type-post_type menu-item-object-page menu-item-34367\"><a href=\"https:\/\/astrobaltics.eu\/en\/contact\/about-us\/\">About us<\/a><\/li>\n<li id=\"menu-item-19591\" class=\"menu-item menu-item-type-post_type menu-item-object-page menu-item-19591\"><a href=\"https:\/\/astrobaltics.eu\/en\/contact\/family-friendly-employer\/\">Family-friendly employer<\/a><\/li>\n<li id=\"menu-item-34369\" class=\"menu-item menu-item-type-post_type menu-item-object-page menu-item-34369\"><a href=\"https:\/\/astrobaltics.eu\/en\/contact\/our-team\/\">Our team<\/a><\/li>\n<li id=\"menu-item-34370\" class=\"menu-item menu-item-type-post_type menu-item-object-page menu-item-34370\"><a href=\"https:\/\/astrobaltics.eu\/en\/contact\/partners\/\">Partners and integrations<\/a><\/li>\n<li id=\"menu-item-10292\" class=\"menu-item menu-item-type-post_type menu-item-object-page menu-item-10292\"><a href=\"https:\/\/astrobaltics.eu\/en\/contact\/eis\/\">EIS<\/a><\/li>\n<li id=\"menu-item-10317\" class=\"menu-item menu-item-type-post_type menu-item-object-page menu-item-10317\"><a href=\"https:\/\/astrobaltics.eu\/en\/contact\/iso\/\">ISO<\/a><\/li>\n<\/ul><\/div>\n\n\n\n<div class=\"wp-block-columns wrap is-layout-flex wp-container-core-columns-is-layout-9d6595d7 wp-block-columns-is-layout-flex\" id=\"contact\">\n<div class=\"wp-block-column has-background is-layout-flow wp-block-column-is-layout-flow\" style=\"background-color:#f1f1f1\" id=\"general_contact\">\n<div class=\"wpcf7 no-js\" id=\"wpcf7-f9733-o1\" lang=\"en-US\" dir=\"ltr\" data-wpcf7-id=\"9733\">\n<div class=\"screen-reader-response\"><p role=\"status\" aria-live=\"polite\" aria-atomic=\"true\"><\/p> <ul><\/ul><\/div>\n<form action=\"\/en\/wp-json\/wp\/v2\/pages\/31#wpcf7-f9733-o1\" method=\"post\" class=\"wpcf7-form init\" aria-label=\"Contact form\" novalidate=\"novalidate\" data-status=\"init\">\n<fieldset class=\"hidden-fields-container\"><input type=\"hidden\" name=\"_wpcf7\" value=\"9733\" \/><input type=\"hidden\" name=\"_wpcf7_version\" value=\"6.1.5\" \/><input type=\"hidden\" name=\"_wpcf7_locale\" value=\"en_US\" \/><input type=\"hidden\" name=\"_wpcf7_unit_tag\" value=\"wpcf7-f9733-o1\" \/><input type=\"hidden\" name=\"_wpcf7_container_post\" value=\"0\" \/><input type=\"hidden\" name=\"_wpcf7_posted_data_hash\" value=\"\" \/><input type=\"hidden\" name=\"_wpcf7_recaptcha_response\" value=\"\" \/>\n<\/fieldset>\n<script>\n  document.addEventListener(\"DOMContentLoaded\", function () {\n    const input = document.querySelector('.urlInput'); \/\/ for class\n    if (input) {\n      input.value = window.location.href;\n    }\n  });\n<\/script>\n\n<div id=\"contact_form\" class=\"form_inputs\">\n<ul class=\"flex_that\">\n<li>\n<label>Company name*<\/label><span class=\"wpcf7-form-control-wrap\" data-name=\"your-company\"><input size=\"40\" maxlength=\"400\" class=\"wpcf7-form-control wpcf7-text wpcf7-validates-as-required\" aria-required=\"true\" aria-invalid=\"false\" value=\"\" type=\"text\" name=\"your-company\" \/><\/span>\n<\/li>\n<li>\n<label>Full name*<\/label><span class=\"wpcf7-form-control-wrap\" data-name=\"your-name\"><input size=\"40\" maxlength=\"400\" class=\"wpcf7-form-control wpcf7-text wpcf7-validates-as-required\" aria-required=\"true\" aria-invalid=\"false\" value=\"\" type=\"text\" name=\"your-name\" \/><\/span>\n<\/li>\n<\/ul>\n<ul class=\"flex_that\">\n<li>\n<label>E-mail address*<\/label><span class=\"wpcf7-form-control-wrap\" data-name=\"your-email\"><input size=\"40\" maxlength=\"400\" class=\"wpcf7-form-control wpcf7-email wpcf7-validates-as-required wpcf7-text wpcf7-validates-as-email\" aria-required=\"true\" aria-invalid=\"false\" value=\"\" type=\"email\" name=\"your-email\" \/><\/span>\n<\/li>\n<li>\n<label>Phone*<\/label><span class=\"wpcf7-form-control-wrap\" data-name=\"your-phone\"><input size=\"40\" maxlength=\"400\" class=\"wpcf7-form-control wpcf7-tel wpcf7-validates-as-required wpcf7-text wpcf7-validates-as-tel\" aria-required=\"true\" aria-invalid=\"false\" value=\"\" type=\"tel\" name=\"your-phone\" \/><\/span>\n<\/li>\n<\/ul>\n\n\n<div class=\"hear_from_us\">\n<ul>\n<li>\n<label>How did you hear about us?<\/label> <input class=\"wpcf7-form-control wpcf7-hidden\" value=\"\" type=\"hidden\" name=\"your-sector\" \/>\n    <select id=\"area_select\" name=\"your-sector\" class=\"wpcf7-form-control wpcf7-select\" aria-invalid=\"false\">\n<option class=\"feedback\" value=\"How did you hear about us?\">How did you hear about us?<\/option>        \n<option class=\"searchengine\" value=\"Search Engine\">Search Engine<\/option>\n        <option class=\"friend\" value=\"Recommended by friend\">Recommended by friend<\/option>\n        <option class=\"social\" value=\"Social media\">Social media<\/option>\n        <option class=\"news\" value=\"Blog or publication\">Blog or publication<\/option>\n        <option class=\"event\" value=\"Event\">Event<\/option>\n        <option class=\"other\" value=\"Other\">Other<\/option>\n    <\/select>\n<\/li>\n<\/ul>\n<\/div>\n\n<ul>\n<li>\n<label>Message*<\/label><span class=\"wpcf7-form-control-wrap\" data-name=\"your-message\"><textarea cols=\"40\" rows=\"2\" maxlength=\"2000\" class=\"wpcf7-form-control wpcf7-textarea wpcf7-validates-as-required\" aria-required=\"true\" aria-invalid=\"false\" name=\"your-message\"><\/textarea><\/span> \n<\/li>\n<\/ul>\n\n<ul class=\"selfservice_price\">\n\n<input class=\"wpcf7-form-control wpcf7-hidden\" value=\"\" type=\"hidden\" name=\"selfservice_package\" \/>\n    <select id=\"selfservice_package\" name=\"selfservice_package\" class=\"wpcf7-form-control wpcf7-select\" aria-invalid=\"false\">\n        <option class=\"hide\" value=\"Select your desired package\">Select your desired package*<\/option>\n        <option class=\"basic hide\" value=\"BASIC package - Hardware and software from 229\u20ac \/month\">BASIC package - Hardware and software from 229\u20ac \/month<\/option>        \n        <option class=\"basic hide\" value=\"BASIC package - Only software from* 105\u20ac \/month\">BASIC package - Only software from* 105\u20ac \/month<\/option>\n        <option class=\"standard hide\" value=\"STANDARD package - Hardware and software from 259\u20ac \/month\">STANDARD package - Hardware and software from 259\u20ac \/month<\/option>\n        <option class=\"standard hide\" value=\"STANDARD package - Only software from* 135\u20ac \/month\">STANDARD package - Only software from* 135\u20ac \/month<\/option>\n        <option class=\"ultra hide\" value=\"ULTRA package - Hardware and software from 289\u20ac \/month\">ULTRA package - Hardware and software from 289\u20ac \/month<\/option>\n        <option class=\"ultra hide\" value=\"ULTRA package - Only software from* 165\u20ac \/month\">ULTRA package - Only software from* 165\u20ac \/month<\/option>\n    <\/select>\n<\/ul>\n\n\n<span class=\"wpcf7-form-control-wrap\" data-name=\"plan-summary\"><textarea cols=\"40\" rows=\"10\" maxlength=\"2000\" class=\"wpcf7-form-control wpcf7-textarea hidden\" id=\"summary\" aria-invalid=\"false\" name=\"plan-summary\"><\/textarea><\/span>\n<div class=\"hide\"><span class=\"wpcf7-form-control-wrap\" data-name=\"locationurl\"><input size=\"40\" maxlength=\"400\" class=\"wpcf7-form-control wpcf7-text urlInput\" aria-invalid=\"false\" value=\"\" type=\"text\" name=\"locationurl\" \/><\/span><\/div>\n\n\n\n<div class=\"privacy\"><span class=\"wpcf7-form-control-wrap\" data-name=\"privacy\"><span class=\"wpcf7-form-control wpcf7-checkbox wpcf7-validates-as-required\"><span class=\"wpcf7-list-item first last\"><input type=\"checkbox\" name=\"privacy[]\" value=\"I have read the\" \/><span class=\"wpcf7-list-item-label\">I have read the<\/span><\/span><\/span><\/span>  <a href=\"privacy\/\"> Privacy Policy<\/a>\n<\/div>\n<div><input class=\"wpcf7-form-control wpcf7-submit has-spinner submit\" type=\"submit\" value=\"Send\" \/><\/div>\n\n<script type=\"text\/javascript\">\n  jQuery('.submit').click(function() {\n    fbq('track', 'Lead', {content_name: \"LEAD 1\", contents: \"AB ENG contact form\"});\n  });\n<\/script>\n<\/div><input type='hidden' class='wpcf7-pum' value='{\"closepopup\":false,\"closedelay\":0,\"openpopup\":false,\"openpopup_id\":0}' \/><div class=\"wpcf7-response-output\" aria-hidden=\"true\"><\/div>\n<\/form>\n<\/div>\n\n<\/div>\n\n\n\n<div class=\"wp-block-column is-layout-flow wp-block-column-is-layout-flow\">\n<h3 class=\"wp-block-heading druk\">Astro Baltics O\u00dc<\/h3>\n\n\n\n<ul class=\"wp-block-list\">\n<li>Reg. code 10386779<\/li>\n\n\n\n<li>VAT code EE100042395<\/li>\n<\/ul>\n\n\n\n<ul class=\"wp-block-list\">\n<li><a href=\"mailto:info@astrobaltics.eu\">info@astrobaltics.eu<\/a><\/li>\n\n\n\n<li>Phone: +372 628 0000<\/li>\n\n\n\n<li>Fax: +372 744 1786<\/li>\n<\/ul>\n\n\n\n<h3 class=\"wp-block-heading druk\">Office in Tartu<\/h3>\n\n\n\n<p>Raatuse 20, 2nd floor, 51009 Tartu, Estonia<\/p>\n\n\n\n<iframe loading=\"lazy\" style=\"border: 0;\" src=\"https:\/\/www.google.com\/maps\/embed?pb=!1m14!1m8!1m3!1d4183.354204886588!2d26.729883453969613!3d58.38198227374267!3m2!1i1024!2i768!4f13.1!3m3!1m2!1s0x46eb36dd7bd7b715%3A0x4fe6b0517858b939!2sRaatuse+20%2C+51013+Tartu!5e0!3m2!1sen!2see!4v1424170347660\" width=\"400\" height=\"201\" frameborder=\"0\"><\/iframe>\n\n\n\n<h3 class=\"wp-block-heading druk\">Office in Tallinn<\/h3>\n\n\n\n<p>\u00dclemiste \u00c4rimaja, Peterburi tee 2f, 7th floor, 11415 Tallinn, Estonia<\/p>\n\n\n\n<iframe loading=\"lazy\" style=\"border: 0;\" src=\"https:\/\/www.google.com\/maps\/embed?pb=!1m14!1m8!1m3!1d16234.856896111967!2d24.7946558212708!3d59.42711839331281!3m2!1i1024!2i768!4f13.1!3m3!1m2!1s0x469294aad4a99ca9%3A0xa29a5f273c1a11b!2sPeterburi+tee+2f%2C+11415+Tallinn!5e0!3m2!1sen!2see!4v1424170393313\" width=\"400\" height=\"201\" frameborder=\"0\"><\/iframe>\n<\/div>\n<\/div>\n","protected":false},"excerpt":{"rendered":"<p>Astro Baltics O\u00dc Office in Tartu Raatuse 20, 2nd floor, 51009 Tartu, Estonia Office in Tallinn \u00dclemiste \u00c4rimaja, Peterburi tee 2f, 7th floor, 11415 Tallinn, Estonia<\/p>\n","protected":false},"author":1,"featured_media":26237,"parent":0,"menu_order":0,"comment_status":"closed","ping_status":"closed","template":"","meta":{"footnotes":""},"class_list":["post-31","page","type-page","status-publish","has-post-thumbnail","hentry"],"yoast_head":"<!-- This site is optimized with the Yoast SEO plugin v27.4 - https:\/\/yoast.com\/product\/yoast-seo-wordpress\/ -->\n<title>Contact | Astro Baltics<\/title>\n<meta name=\"robots\" content=\"index, follow, max-snippet:-1, max-image-preview:large, max-video-preview:-1\" \/>\n<link rel=\"canonical\" href=\"https:\/\/astrobaltics.eu\/en\/contact\/\" \/>\n<meta property=\"og:locale\" content=\"en_US\" \/>\n<meta property=\"og:type\" content=\"article\" \/>\n<meta property=\"og:title\" content=\"Contact | Astro Baltics\" \/>\n<meta property=\"og:description\" content=\"Astro Baltics O\u00dc Office in Tartu Raatuse 20, 2nd floor, 51009 Tartu, Estonia Office in Tallinn \u00dclemiste \u00c4rimaja, Peterburi tee 2f, 7th floor, 11415 Tallinn, Estonia\" \/>\n<meta property=\"og:url\" content=\"https:\/\/astrobaltics.eu\/en\/contact\/\" \/>\n<meta property=\"og:site_name\" content=\"Astro Baltics\" \/>\n<meta property=\"article:publisher\" content=\"https:\/\/www.facebook.com\/astrobaltics\" \/>\n<meta property=\"og:image\" content=\"https:\/\/astrobaltics.eu\/wp-content\/uploads\/2022\/02\/Mari-Liisile-Tartu-Pilt-e1645616995481.jpg\" \/>\n\t<meta property=\"og:image:width\" content=\"1920\" \/>\n\t<meta property=\"og:image:height\" content=\"652\" \/>\n\t<meta property=\"og:image:type\" content=\"image\/jpeg\" \/>\n<meta name=\"twitter:card\" content=\"summary_large_image\" \/>\n<meta name=\"twitter:site\" content=\"@AstroBaltics\" \/>\n<meta name=\"twitter:label1\" content=\"Est. reading time\" \/>\n\t<meta name=\"twitter:data1\" content=\"1 minute\" \/>\n<script type=\"application\/ld+json\" class=\"yoast-schema-graph\">{\"@context\":\"https:\\\/\\\/schema.org\",\"@graph\":[{\"@type\":\"WebPage\",\"@id\":\"https:\\\/\\\/astrobaltics.eu\\\/en\\\/contact\\\/\",\"url\":\"https:\\\/\\\/astrobaltics.eu\\\/en\\\/contact\\\/\",\"name\":\"Contact | Astro Baltics\",\"isPartOf\":{\"@id\":\"https:\\\/\\\/astrobaltics.eu\\\/#website\"},\"primaryImageOfPage\":{\"@id\":\"https:\\\/\\\/astrobaltics.eu\\\/en\\\/contact\\\/#primaryimage\"},\"image\":{\"@id\":\"https:\\\/\\\/astrobaltics.eu\\\/en\\\/contact\\\/#primaryimage\"},\"thumbnailUrl\":\"https:\\\/\\\/astrobaltics.eu\\\/wp-content\\\/uploads\\\/2022\\\/02\\\/Mari-Liisile-Tartu-Pilt-e1645616995481.jpg\",\"datePublished\":\"2026-01-01T08:46:11+00:00\",\"breadcrumb\":{\"@id\":\"https:\\\/\\\/astrobaltics.eu\\\/en\\\/contact\\\/#breadcrumb\"},\"inLanguage\":\"en\",\"potentialAction\":[{\"@type\":\"ReadAction\",\"target\":[\"https:\\\/\\\/astrobaltics.eu\\\/en\\\/contact\\\/\"]}]},{\"@type\":\"ImageObject\",\"inLanguage\":\"en\",\"@id\":\"https:\\\/\\\/astrobaltics.eu\\\/en\\\/contact\\\/#primaryimage\",\"url\":\"https:\\\/\\\/astrobaltics.eu\\\/wp-content\\\/uploads\\\/2022\\\/02\\\/Mari-Liisile-Tartu-Pilt-e1645616995481.jpg\",\"contentUrl\":\"https:\\\/\\\/astrobaltics.eu\\\/wp-content\\\/uploads\\\/2022\\\/02\\\/Mari-Liisile-Tartu-Pilt-e1645616995481.jpg\",\"width\":1920,\"height\":652},{\"@type\":\"BreadcrumbList\",\"@id\":\"https:\\\/\\\/astrobaltics.eu\\\/en\\\/contact\\\/#breadcrumb\",\"itemListElement\":[{\"@type\":\"ListItem\",\"position\":1,\"name\":\"Home\",\"item\":\"https:\\\/\\\/astrobaltics.eu\\\/en\\\/\"},{\"@type\":\"ListItem\",\"position\":2,\"name\":\"Contact\"}]},{\"@type\":\"WebSite\",\"@id\":\"https:\\\/\\\/astrobaltics.eu\\\/#website\",\"url\":\"https:\\\/\\\/astrobaltics.eu\\\/\",\"name\":\"Astro Baltics\",\"description\":\"\",\"publisher\":{\"@id\":\"https:\\\/\\\/astrobaltics.eu\\\/#organization\"},\"potentialAction\":[{\"@type\":\"SearchAction\",\"target\":{\"@type\":\"EntryPoint\",\"urlTemplate\":\"https:\\\/\\\/astrobaltics.eu\\\/?s={search_term_string}\"},\"query-input\":{\"@type\":\"PropertyValueSpecification\",\"valueRequired\":true,\"valueName\":\"search_term_string\"}}],\"inLanguage\":\"en\"},{\"@type\":\"Organization\",\"@id\":\"https:\\\/\\\/astrobaltics.eu\\\/#organization\",\"name\":\"Astro Baltics\",\"url\":\"https:\\\/\\\/astrobaltics.eu\\\/\",\"logo\":{\"@type\":\"ImageObject\",\"inLanguage\":\"en\",\"@id\":\"https:\\\/\\\/astrobaltics.eu\\\/#\\\/schema\\\/logo\\\/image\\\/\",\"url\":\"https:\\\/\\\/astrobaltics.eu\\\/wp-content\\\/uploads\\\/2023\\\/11\\\/logo_only_round_white.png\",\"contentUrl\":\"https:\\\/\\\/astrobaltics.eu\\\/wp-content\\\/uploads\\\/2023\\\/11\\\/logo_only_round_white.png\",\"width\":5424,\"height\":5424,\"caption\":\"Astro Baltics\"},\"image\":{\"@id\":\"https:\\\/\\\/astrobaltics.eu\\\/#\\\/schema\\\/logo\\\/image\\\/\"},\"sameAs\":[\"https:\\\/\\\/www.facebook.com\\\/astrobaltics\",\"https:\\\/\\\/x.com\\\/AstroBaltics\",\"https:\\\/\\\/www.linkedin.com\\\/company\\\/astro-baltics\",\"https:\\\/\\\/www.youtube.com\\\/channel\\\/UCoR1iGR7RCRkqbHsunJXYgQ\"]}]}<\/script>\n<!-- \/ Yoast SEO plugin. -->","yoast_head_json":{"title":"Contact | Astro Baltics","robots":{"index":"index","follow":"follow","max-snippet":"max-snippet:-1","max-image-preview":"max-image-preview:large","max-video-preview":"max-video-preview:-1"},"canonical":"https:\/\/astrobaltics.eu\/en\/contact\/","og_locale":"en_US","og_type":"article","og_title":"Contact | Astro Baltics","og_description":"Astro Baltics O\u00dc Office in Tartu Raatuse 20, 2nd floor, 51009 Tartu, Estonia Office in Tallinn \u00dclemiste \u00c4rimaja, Peterburi tee 2f, 7th floor, 11415 Tallinn, Estonia","og_url":"https:\/\/astrobaltics.eu\/en\/contact\/","og_site_name":"Astro Baltics","article_publisher":"https:\/\/www.facebook.com\/astrobaltics","og_image":[{"width":1920,"height":652,"url":"https:\/\/astrobaltics.eu\/wp-content\/uploads\/2022\/02\/Mari-Liisile-Tartu-Pilt-e1645616995481.jpg","type":"image\/jpeg"}],"twitter_card":"summary_large_image","twitter_site":"@AstroBaltics","twitter_misc":{"Est. reading time":"1 minute"},"schema":{"@context":"https:\/\/schema.org","@graph":[{"@type":"WebPage","@id":"https:\/\/astrobaltics.eu\/en\/contact\/","url":"https:\/\/astrobaltics.eu\/en\/contact\/","name":"Contact | Astro Baltics","isPartOf":{"@id":"https:\/\/astrobaltics.eu\/#website"},"primaryImageOfPage":{"@id":"https:\/\/astrobaltics.eu\/en\/contact\/#primaryimage"},"image":{"@id":"https:\/\/astrobaltics.eu\/en\/contact\/#primaryimage"},"thumbnailUrl":"https:\/\/astrobaltics.eu\/wp-content\/uploads\/2022\/02\/Mari-Liisile-Tartu-Pilt-e1645616995481.jpg","datePublished":"2026-01-01T08:46:11+00:00","breadcrumb":{"@id":"https:\/\/astrobaltics.eu\/en\/contact\/#breadcrumb"},"inLanguage":"en","potentialAction":[{"@type":"ReadAction","target":["https:\/\/astrobaltics.eu\/en\/contact\/"]}]},{"@type":"ImageObject","inLanguage":"en","@id":"https:\/\/astrobaltics.eu\/en\/contact\/#primaryimage","url":"https:\/\/astrobaltics.eu\/wp-content\/uploads\/2022\/02\/Mari-Liisile-Tartu-Pilt-e1645616995481.jpg","contentUrl":"https:\/\/astrobaltics.eu\/wp-content\/uploads\/2022\/02\/Mari-Liisile-Tartu-Pilt-e1645616995481.jpg","width":1920,"height":652},{"@type":"BreadcrumbList","@id":"https:\/\/astrobaltics.eu\/en\/contact\/#breadcrumb","itemListElement":[{"@type":"ListItem","position":1,"name":"Home","item":"https:\/\/astrobaltics.eu\/en\/"},{"@type":"ListItem","position":2,"name":"Contact"}]},{"@type":"WebSite","@id":"https:\/\/astrobaltics.eu\/#website","url":"https:\/\/astrobaltics.eu\/","name":"Astro Baltics","description":"","publisher":{"@id":"https:\/\/astrobaltics.eu\/#organization"},"potentialAction":[{"@type":"SearchAction","target":{"@type":"EntryPoint","urlTemplate":"https:\/\/astrobaltics.eu\/?s={search_term_string}"},"query-input":{"@type":"PropertyValueSpecification","valueRequired":true,"valueName":"search_term_string"}}],"inLanguage":"en"},{"@type":"Organization","@id":"https:\/\/astrobaltics.eu\/#organization","name":"Astro Baltics","url":"https:\/\/astrobaltics.eu\/","logo":{"@type":"ImageObject","inLanguage":"en","@id":"https:\/\/astrobaltics.eu\/#\/schema\/logo\/image\/","url":"https:\/\/astrobaltics.eu\/wp-content\/uploads\/2023\/11\/logo_only_round_white.png","contentUrl":"https:\/\/astrobaltics.eu\/wp-content\/uploads\/2023\/11\/logo_only_round_white.png","width":5424,"height":5424,"caption":"Astro Baltics"},"image":{"@id":"https:\/\/astrobaltics.eu\/#\/schema\/logo\/image\/"},"sameAs":["https:\/\/www.facebook.com\/astrobaltics","https:\/\/x.com\/AstroBaltics","https:\/\/www.linkedin.com\/company\/astro-baltics","https:\/\/www.youtube.com\/channel\/UCoR1iGR7RCRkqbHsunJXYgQ"]}]}},"_links":{"self":[{"href":"https:\/\/astrobaltics.eu\/en\/wp-json\/wp\/v2\/pages\/31","targetHints":{"allow":["GET"]}}],"collection":[{"href":"https:\/\/astrobaltics.eu\/en\/wp-json\/wp\/v2\/pages"}],"about":[{"href":"https:\/\/astrobaltics.eu\/en\/wp-json\/wp\/v2\/types\/page"}],"author":[{"embeddable":true,"href":"https:\/\/astrobaltics.eu\/en\/wp-json\/wp\/v2\/users\/1"}],"replies":[{"embeddable":true,"href":"https:\/\/astrobaltics.eu\/en\/wp-json\/wp\/v2\/comments?post=31"}],"version-history":[{"count":7,"href":"https:\/\/astrobaltics.eu\/en\/wp-json\/wp\/v2\/pages\/31\/revisions"}],"predecessor-version":[{"id":44848,"href":"https:\/\/astrobaltics.eu\/en\/wp-json\/wp\/v2\/pages\/31\/revisions\/44848"}],"wp:featuredmedia":[{"embeddable":true,"href":"https:\/\/astrobaltics.eu\/en\/wp-json\/wp\/v2\/media\/26237"}],"wp:attachment":[{"href":"https:\/\/astrobaltics.eu\/en\/wp-json\/wp\/v2\/media?parent=31"}],"curies":[{"name":"wp","href":"https:\/\/api.w.org\/{rel}","templated":true}]}}